{"id":10036,"date":"2021-08-30T21:52:46","date_gmt":"2021-08-30T18:52:46","guid":{"rendered":"https:\/\/gmd-detectors.com\/?post_type=product&#038;p=10036"},"modified":"2025-02-05T18:38:56","modified_gmt":"2025-02-05T15:38:56","slug":"golden-way-detector","status":"publish","type":"product","link":"https:\/\/gmddetectors-syria.com\/fr\/product\/golden-way-detector\/","title":{"rendered":"GOLDEN WAY DETECTOR"},"content":{"rendered":"<div class=\"wpb-content-wrapper\"><p>[vc_row full_width=\u00a0\u00bbstretch_row\u00a0\u00bb mobile_bg_img_hidden=\u00a0\u00bbno\u00a0\u00bb tablet_bg_img_hidden=\u00a0\u00bbno\u00a0\u00bb woodmart_parallax=\u00a0\u00bb0&Prime; woodmart_gradient_switch=\u00a0\u00bbno\u00a0\u00bb row_reverse_mobile=\u00a0\u00bb0&Prime; row_reverse_tablet=\u00a0\u00bb0&Prime; woodmart_disable_overflow=\u00a0\u00bb0&Prime; css=\u00a0\u00bb.vc_custom_1610451467938{border-bottom-width: 1px !important;padding-bottom: 40px !important;border-bottom-color: #e6e6e6 !important;border-bottom-style: solid !important;}\u00a0\u00bb][vc_column][vc_raw_html]JTNDZGl2JTIwY2xhc3MlM0QlMjJ2aWRlby1yZXNwb25zaXZlJTIyJTNFJTNDaWZyYW1lJTIwc3JjJTNEJTIyaHR0cHMlM0ElMkYlMkZ3d3cueW91dHViZS5jb20lMkZlbWJlZCUyRm1pN1ZTS0c2WEpjJTNGcmVsJTNEMCUyMiUyMHdpZHRoJTNEJTIyMTAwJTI1JTIyJTIwaGVpZ2h0JTNEJTIyMzgwJTIyJTIwZnJhbWVib3JkZXIlM0QlMjIwJTIyJTIwYWxsb3dmdWxsc2NyZWVuJTNEJTIyYWxsb3dmdWxsc2NyZWVuJTIyJTNFJTNDJTJGaWZyYW1lJTNFJTNDJTJGZGl2JTNFJTBB[\/vc_raw_html][vc_column_text text_larger=\u00a0\u00bbno\u00a0\u00bb]L\u2019appareil Golden Way, int\u00e8gre un syst\u00e8me d&rsquo;exploitation (VLF) pour la d\u00e9tection souterraine d&rsquo;or et de m\u00e9taux pr\u00e9cieux.<br \/>\nLe meilleur appareil pour d\u00e9tecter l&rsquo;or et les m\u00e9taux pr\u00e9cieux: multi-usage et \u00e0 haute performance dans toutes les conditions climatiques et tous les types de sols.<br \/>\nGolden Way int\u00e8gre un syst\u00e8me automatique avanc\u00e9 (VLF) avec une grande pr\u00e9cision dans l&rsquo;identification des m\u00e9taux, et une profondeur qui va jusqu\u2019a 3 m\u00e8tres sous terre.<br \/>\nLe syst\u00e8me le plus rapide et le plus simple pour d\u00e9tecter les p\u00e9pites d&rsquo;or, l&rsquo;or brut et les pi\u00e8ces souterraines d&rsquo;or, de bronze et d&rsquo;argent.<br \/>\nCet appareil offre aux chercheurs d&rsquo;or une grande efficacit\u00e9, un co\u00fbt tr\u00e8s raisonable et une facilit\u00e9 d&rsquo;utilisation.<br \/>\nVous pouvez lancer la recherche imm\u00e9diatement sans perdre de temps \u00e0 configurer l&rsquo;appareil.<br \/>\nL\u2019appareil Golden Way a prouv\u00e9 son efficacit\u00e9 apres plusieurs tests pratiques dans le monde entier.<br \/>\nL&rsquo;appareil Golden Way pr\u00e9sente plusieurs avantages qui aideront les clients novices et d\u00e9butants a passer en professionnels en prospection et a obtenir les meilleurs r\u00e9sultats.<\/p>\n<p>[\/vc_column_text][\/vc_column][\/vc_row][vc_row full_width=\u00a0\u00bbstretch_row\u00a0\u00bb mobile_bg_img_hidden=\u00a0\u00bbno\u00a0\u00bb tablet_bg_img_hidden=\u00a0\u00bbno\u00a0\u00bb woodmart_parallax=\u00a0\u00bb0&Prime; woodmart_gradient_switch=\u00a0\u00bbno\u00a0\u00bb row_reverse_mobile=\u00a0\u00bb0&Prime; row_reverse_tablet=\u00a0\u00bb0&Prime; woodmart_disable_overflow=\u00a0\u00bb0&Prime; css=\u00a0\u00bb.vc_custom_1610451892311{margin-bottom: -80px !important;padding-top: 40px !important;padding-bottom: 40px !important;background-color: #f7f7f7 !important;}\u00a0\u00bb][vc_column][vc_tta_tabs style=\u00a0\u00bbmodern\u00a0\u00bb alignment=\u00a0\u00bbcenter\u00a0\u00bb active_section=\u00a0\u00bb1&Prime;][vc_tta_section title=\u00a0\u00bbCaract\u00e9ristiques\u00a0\u00bb tab_id=\u00a0\u00bb1598441911523-c89c9e8e-bac040f2-9266&Prime;][vc_column_text text_larger=\u00a0\u00bbno\u00a0\u00bb]L\u2019appareil Golden Way, int\u00e8gre un syst\u00e8me d&rsquo;exploitation (VLF) pour la d\u00e9tection souterraine d&rsquo;or et de m\u00e9taux pr\u00e9cieux.<br \/>\nLe meilleur appareil pour d\u00e9tecter l&rsquo;or et les m\u00e9taux pr\u00e9cieux: multi-usage et \u00e0 haute performance dans toutes les conditions climatiques et tous les types de sols.<br \/>\nGolden Way int\u00e8gre un syst\u00e8me automatique avanc\u00e9 (VLF) avec une grande pr\u00e9cision dans l&rsquo;identification des m\u00e9taux, et une profondeur qui va jusqu\u2019a 3 m\u00e8tres sous terre.<br \/>\nLe syst\u00e8me le plus rapide et le plus simple pour d\u00e9tecter les p\u00e9pites d&rsquo;or, l&rsquo;or brut et les pi\u00e8ces souterraines d&rsquo;or, de bronze et d&rsquo;argent.<br \/>\nCet appareil offre aux chercheurs d&rsquo;or une grande efficacit\u00e9, un co\u00fbt tr\u00e8s raisonable et une facilit\u00e9 d&rsquo;utilisation.<br \/>\nVous pouvez lancer la recherche imm\u00e9diatement sans perdre de temps \u00e0 configurer l&rsquo;appareil.<br \/>\nL\u2019appareil Golden Way a prouv\u00e9 son efficacit\u00e9 apres plusieurs tests pratiques dans le monde entier.<br \/>\nL&rsquo;appareil Golden Way pr\u00e9sente plusieurs avantages qui aideront les clients novices et d\u00e9butants a passer en professionnels en prospection et a obtenir les meilleurs r\u00e9sultats.<\/p>\n<p>[\/vc_column_text][\/vc_tta_section][vc_tta_section title=\u00a0\u00bbSyst\u00e8mes\u00a0\u00bb tab_id=\u00a0\u00bb1598442086500-76e5a306-5ebf40f2-9266&Prime;][vc_toggle title=\u00a0\u00bbSyst\u00e8me d&rsquo;exploitation VLF:\u00a0\u00bb open=\u00a0\u00bbtrue\u00a0\u00bb]L&rsquo;appareil Golden Way est caract\u00e9ris\u00e9 par un syst\u00e8me de fonctionnement enti\u00e8rement automatique qui ne s\u2019affecte pas par les types de sols: qu\u2019ils soit humides ou riches en sels min\u00e9raux ou en roches min\u00e9rales.<br \/>\nL&rsquo;appareil Golden Way fonctionne avec deux syst\u00e8mes d&rsquo;exploitation:<br \/>\nLe syst\u00e8me de distinction et de recherche des m\u00e9taux pr\u00e9cieux:<br \/>\nCe syst\u00e8me rejette les signaux de fer ou de cibles non pr\u00e9cieuses, vous permettant de rechercher uniquement des m\u00e9taux pr\u00e9cieux (tels que l&rsquo;or, l&rsquo;argent, le bronze et les pi\u00e8ces de monnaie).<br \/>\nSyst\u00e8me de recherche g\u00e9n\u00e9ral, c&rsquo;est-\u00e0-dire recherche de m\u00e9taux pr\u00e9cieux et non pr\u00e9cieux: ce syst\u00e8me recherche tous les types de m\u00e9taux avec une grande pr\u00e9cision en plus il fait la distinction entre les m\u00e9taux pr\u00e9cieux et non pr\u00e9cieux.<\/p>\n<p>L&rsquo;appareil Golden Way a une grande capacit\u00e9 \u00e0 distinguer les m\u00e9taux, qu&rsquo;ils soient pr\u00e9cieux ou non, en un temps record.<br \/>\nLa profondeur de recherche dans l&rsquo;appareil Golden Way atteint 3 m\u00e8tres sous terre.<br \/>\nL\u2019appareil Golden Way est l&rsquo;une des meilleures innovations allemandes ayant la certification CE europ\u00e9enne qui conforme les normes internationals de fabrication.<\/p>\n<p>[\/vc_toggle][\/vc_tta_section][vc_tta_section title=\u00a0\u00bbSpecifications\u00a0\u00bb tab_id=\u00a0\u00bb1598442096952-72789241-2ba340f2-9266&Prime;][vc_column_text text_larger=\u00a0\u00bbno\u00a0\u00bb]<\/p>\n<table class=\"table table-striped table-bordered\">\n<thead class=\"thead-dark\">\n<tr>\n<th scope=\"col\">Nom de la sp\u00e9cification technique<\/th>\n<th scope=\"col\">Valeur de sp\u00e9cification technique<\/th>\n<\/tr>\n<\/thead>\n<tbody id=\"technicalContainer\">\n<tr>\n<td>Sortie audio<\/td>\n<td>PLAGE DE FR\u00c9QUENCE DYNAMIQUE DES HAUT-PARLEURS: 350 ~ 5500 Hz SORTIE SONORE: 84 \u00b1 3dB et casque sans fil<\/td>\n<\/tr>\n<tr>\n<td>Longueur<\/td>\n<td>L\u2019appareil: 130 mm<\/td>\n<\/tr>\n<tr>\n<td>Longueur<\/td>\n<td>L&rsquo;appareil avec bobine 955 mm (ferm\u00e9)<\/td>\n<\/tr>\n<tr>\n<td>Longueur<\/td>\n<td>L&rsquo;appareil avec bobine 1345 mm (ouvert)<\/td>\n<\/tr>\n<tr>\n<td>la fr\u00e9quence<\/td>\n<td>Syst\u00e8me VLF: 10KHz<\/td>\n<\/tr>\n<tr>\n<td>La vitesse de traitement des donn\u00e9es<\/td>\n<td>20 MHz<\/td>\n<\/tr>\n<tr>\n<td>La plage de temp\u00e9rature de fonctionnement<\/td>\n<td>0 C\u00b0 jusqu\u2019a 70 C\u00b0<\/td>\n<\/tr>\n<tr>\n<td>La plage d&rsquo;humidit\u00e9 de fonctionnement<\/td>\n<td>jusqu&rsquo;\u00e0 95% sans condensation<\/td>\n<\/tr>\n<tr>\n<td>La plage de temp\u00e9rature de stockage<\/td>\n<td>&#8211; 20C \u00b0 \u00e0 70C \u00b0<\/td>\n<\/tr>\n<tr>\n<td>La plage d&rsquo;humidit\u00e9 de stockage<\/td>\n<td>jusqu&rsquo;\u00e0 98% d&rsquo;humidit\u00e9 relative<\/td>\n<\/tr>\n<tr>\n<td>La dur\u00e9e de fonctionnement (batterie 18 Wh)<\/td>\n<td>10 heures<\/td>\n<\/tr>\n<tr>\n<td>L\u2019indice d&rsquo;\u00e9tanch\u00e9it\u00e9 &#8211; bobine<\/td>\n<td>\u00c9tanche jusqu&rsquo;\u00e0 une profondeur de (30 cm)<\/td>\n<\/tr>\n<tr>\n<td>L\u2019indice d&rsquo;\u00e9tanch\u00e9it\u00e9 &#8211; D\u00e9tecteur<\/td>\n<td>Non \u00e9tanche (r\u00e9sistant aux intemp\u00e9ries uniquement)<\/td>\n<\/tr>\n<tr>\n<td>Bluetooth<\/td>\n<td>TW5200 &#8211; Casque Bluetooth radio 2,4 GHz<\/td>\n<\/tr>\n<tr>\n<td>Les Bobines<\/td>\n<td>Grande bobine: \u00d8 = 30cm<\/td>\n<\/tr>\n<tr>\n<td>Les Bobines<\/td>\n<td>petite bobine: \u00d8 = 15cm<\/td>\n<\/tr>\n<\/tbody>\n<thead class=\"thead-dark\">\n<tr>\n<th colspan=\"2\">les sp\u00e9cifications techniques de la batterie Li-ion<\/th>\n<\/tr>\n<\/thead>\n<tbody>\n<tr>\n<td>Le type<\/td>\n<td>Batterie rechargeable Li-ion &#8211; batterie interne<\/td>\n<\/tr>\n<tr>\n<td>La tension de sortie<\/td>\n<td>Li-ion 3.6 VDC<\/td>\n<\/tr>\n<tr>\n<td>La capacit\u00e9<\/td>\n<td>Li-ion 18 Wh<\/td>\n<\/tr>\n<tr>\n<td>La dur\u00e9e<\/td>\n<td>10 Heures<\/td>\n<\/tr>\n<tr>\n<td>La temp\u00e9rature de fonctionnement de la batterie<\/td>\n<td>0 C\u00b0 jusqu&rsquo;\u00e0 50 C\u00b0<\/td>\n<\/tr>\n<tr>\n<td>La temp\u00e9rature de stockage de la batterie<\/td>\n<td>&#8211; 5C\u00b0 jusqu&rsquo;\u00e0 70C\u00b0<\/td>\n<\/tr>\n<\/tbody>\n<thead class=\"thead-dark\">\n<tr>\n<th colspan=\"2\">Les sp\u00e9cifications techniques du chargeur de batterie the-ion<\/th>\n<\/tr>\n<\/thead>\n<tbody>\n<tr>\n<td>La temp\u00e9rature de fonctionnement<\/td>\n<td>0 C\u00b0 jusqu&rsquo;\u00e0 50 C\u00b0<\/td>\n<\/tr>\n<tr>\n<td>La temp\u00e9rature de stockage<\/td>\n<td>&#8211; 30C\u00b0 jusqu&rsquo;\u00e0 80C\u00b0<\/td>\n<\/tr>\n<tr>\n<td>La tension d&rsquo;entr\u00e9e<\/td>\n<td>90 \u2192 250 VAC 50\u219260 Hz<\/td>\n<\/tr>\n<tr>\n<td>Le courant de sortie USB<\/td>\n<td>5 VDC \/ 2100 mA<\/td>\n<\/tr>\n<\/tbody>\n<thead class=\"thead-dark\">\n<tr>\n<th colspan=\"2\">Autres sp\u00e9cifications techniques<\/th>\n<\/tr>\n<\/thead>\n<tbody>\n<tr>\n<td>Le poids total<\/td>\n<td>5750 g<\/td>\n<\/tr>\n<tr>\n<td>Le poids de l&rsquo;appareil<\/td>\n<td>365 g<\/td>\n<\/tr>\n<tr>\n<td>Le poids de la batterie<\/td>\n<td>40 g<\/td>\n<\/tr>\n<tr>\n<td>Le poids du sac (vide)<\/td>\n<td>3450 g<\/td>\n<\/tr>\n<tr>\n<td>Les dimensions du sac<\/td>\n<td>680mm x 430mm x 170 mm<\/td>\n<\/tr>\n<\/tbody>\n<\/table>\n<p>[\/vc_column_text][\/vc_tta_section][vc_tta_section title=\u00a0\u00bbAccessoires\u00a0\u00bb tab_id=\u00a0\u00bb1598442097652-d383f913-39bd40f2-9266&Prime;]\t\t<div id=\"gallery_282\" class=\"wd-images-gallery wd-wpb wd-rs-67a3859ae6081 photoswipe-images\" style=\"--wd-justify-content:center;--wd-align-items:center;\">\n\t\t\t\n\t\t\t<div class=\" wd-grid-g\" style=\"--wd-col-lg:3;--wd-col-md:3;--wd-col-sm:1;--wd-gap-lg:2px;\">\n\t\t\t\t\n\t\t\t\t\t\t\t\t\t\t\t\t\t\t\t<div class=\"wd-gallery-item wd-col\">\n\t\t\t\t\t\t\t\t\t\t\t\t\t\t<a href=\"https:\/\/gmddetectors-syria.com\/wp-content\/uploads\/2021\/08\/golden-way-device-armrest-5.jpg\" data-elementor-open-lightbox=\"no\" data-index=\"1\" data-width=\"360\" data-height=\"360\" \n\t\t\t\t\t\t\t\t\t\t\t\t >\n\t\t\t\t\t\t\t\t\n\t\t\t\t\t\t\t\t<img loading=\"lazy\" decoding=\"async\" width=\"300\" height=\"300\" src=\"https:\/\/gmddetectors-syria.com\/wp-content\/uploads\/2021\/08\/golden-way-device-armrest-5-300x300.jpg\" class=\"wd-gallery-image image-1\" alt=\"\" srcset=\"https:\/\/gmddetectors-syria.com\/wp-content\/uploads\/2021\/08\/golden-way-device-armrest-5-300x300.jpg 300w, https:\/\/gmddetectors-syria.com\/wp-content\/uploads\/2021\/08\/golden-way-device-armrest-5-150x150.jpg 150w, https:\/\/gmddetectors-syria.com\/wp-content\/uploads\/2021\/08\/golden-way-device-armrest-5-100x100.jpg 100w, https:\/\/gmddetectors-syria.com\/wp-content\/uploads\/2021\/08\/golden-way-device-armrest-5.jpg 360w\" sizes=\"auto, (max-width: 300px) 100vw, 300px\" \/>\n\t\t\t\t\t\t\t\t\t\t\t\t\t\t\t<\/a>\n\t\t\t\t\t\t\t\t\t\t\t\t<\/div>\n\t\t\t\t\t\t\t\t\t\t\t<div class=\"wd-gallery-item wd-col\">\n\t\t\t\t\t\t\t\t\t\t\t\t\t\t<a href=\"https:\/\/gmddetectors-syria.com\/wp-content\/uploads\/2021\/08\/golden-way-device-bag-5.jpg\" data-elementor-open-lightbox=\"no\" data-index=\"2\" data-width=\"360\" data-height=\"360\" \n\t\t\t\t\t\t\t\t\t\t\t\t >\n\t\t\t\t\t\t\t\t\n\t\t\t\t\t\t\t\t<img loading=\"lazy\" decoding=\"async\" width=\"300\" height=\"300\" src=\"https:\/\/gmddetectors-syria.com\/wp-content\/uploads\/2021\/08\/golden-way-device-bag-5-300x300.jpg\" class=\"wd-gallery-image image-2\" alt=\"\" srcset=\"https:\/\/gmddetectors-syria.com\/wp-content\/uploads\/2021\/08\/golden-way-device-bag-5-300x300.jpg 300w, https:\/\/gmddetectors-syria.com\/wp-content\/uploads\/2021\/08\/golden-way-device-bag-5-150x150.jpg 150w, https:\/\/gmddetectors-syria.com\/wp-content\/uploads\/2021\/08\/golden-way-device-bag-5-100x100.jpg 100w, https:\/\/gmddetectors-syria.com\/wp-content\/uploads\/2021\/08\/golden-way-device-bag-5.jpg 360w\" sizes=\"auto, (max-width: 300px) 100vw, 300px\" \/>\n\t\t\t\t\t\t\t\t\t\t\t\t\t\t\t<\/a>\n\t\t\t\t\t\t\t\t\t\t\t\t<\/div>\n\t\t\t\t\t\t\t\t\t\t\t<div class=\"wd-gallery-item wd-col\">\n\t\t\t\t\t\t\t\t\t\t\t\t\t\t<a href=\"https:\/\/gmddetectors-syria.com\/wp-content\/uploads\/2021\/08\/golden-way-device-car-charger-5.jpg\" data-elementor-open-lightbox=\"no\" data-index=\"3\" data-width=\"360\" data-height=\"360\" \n\t\t\t\t\t\t\t\t\t\t\t\t >\n\t\t\t\t\t\t\t\t\n\t\t\t\t\t\t\t\t<img loading=\"lazy\" decoding=\"async\" width=\"300\" height=\"300\" src=\"https:\/\/gmddetectors-syria.com\/wp-content\/uploads\/2021\/08\/golden-way-device-car-charger-5-300x300.jpg\" class=\"wd-gallery-image image-3\" alt=\"\" srcset=\"https:\/\/gmddetectors-syria.com\/wp-content\/uploads\/2021\/08\/golden-way-device-car-charger-5-300x300.jpg 300w, https:\/\/gmddetectors-syria.com\/wp-content\/uploads\/2021\/08\/golden-way-device-car-charger-5-150x150.jpg 150w, https:\/\/gmddetectors-syria.com\/wp-content\/uploads\/2021\/08\/golden-way-device-car-charger-5-100x100.jpg 100w, https:\/\/gmddetectors-syria.com\/wp-content\/uploads\/2021\/08\/golden-way-device-car-charger-5.jpg 360w\" sizes=\"auto, (max-width: 300px) 100vw, 300px\" \/>\n\t\t\t\t\t\t\t\t\t\t\t\t\t\t\t<\/a>\n\t\t\t\t\t\t\t\t\t\t\t\t<\/div>\n\t\t\t\t\t\t\t\t\t\t\t<div class=\"wd-gallery-item wd-col\">\n\t\t\t\t\t\t\t\t\t\t\t\t\t\t<a href=\"https:\/\/gmddetectors-syria.com\/wp-content\/uploads\/2021\/08\/golden-way-device-charger-5.jpg\" data-elementor-open-lightbox=\"no\" data-index=\"4\" data-width=\"360\" data-height=\"360\" \n\t\t\t\t\t\t\t\t\t\t\t\t >\n\t\t\t\t\t\t\t\t\n\t\t\t\t\t\t\t\t<img loading=\"lazy\" decoding=\"async\" width=\"300\" height=\"300\" src=\"https:\/\/gmddetectors-syria.com\/wp-content\/uploads\/2021\/08\/golden-way-device-charger-5-300x300.jpg\" class=\"wd-gallery-image image-4\" alt=\"\" srcset=\"https:\/\/gmddetectors-syria.com\/wp-content\/uploads\/2021\/08\/golden-way-device-charger-5-300x300.jpg 300w, https:\/\/gmddetectors-syria.com\/wp-content\/uploads\/2021\/08\/golden-way-device-charger-5-150x150.jpg 150w, https:\/\/gmddetectors-syria.com\/wp-content\/uploads\/2021\/08\/golden-way-device-charger-5-100x100.jpg 100w, https:\/\/gmddetectors-syria.com\/wp-content\/uploads\/2021\/08\/golden-way-device-charger-5.jpg 360w\" sizes=\"auto, (max-width: 300px) 100vw, 300px\" \/>\n\t\t\t\t\t\t\t\t\t\t\t\t\t\t\t<\/a>\n\t\t\t\t\t\t\t\t\t\t\t\t<\/div>\n\t\t\t\t\t\t\t\t\t\t\t<div class=\"wd-gallery-item wd-col\">\n\t\t\t\t\t\t\t\t\t\t\t\t\t\t<a href=\"https:\/\/gmddetectors-syria.com\/wp-content\/uploads\/2021\/08\/golden-way-device-headphone-5.jpg\" data-elementor-open-lightbox=\"no\" data-index=\"5\" data-width=\"360\" data-height=\"360\" \n\t\t\t\t\t\t\t\t\t\t\t\t >\n\t\t\t\t\t\t\t\t\n\t\t\t\t\t\t\t\t<img loading=\"lazy\" decoding=\"async\" width=\"300\" height=\"300\" src=\"https:\/\/gmddetectors-syria.com\/wp-content\/uploads\/2021\/08\/golden-way-device-headphone-5-300x300.jpg\" class=\"wd-gallery-image image-5\" alt=\"\" srcset=\"https:\/\/gmddetectors-syria.com\/wp-content\/uploads\/2021\/08\/golden-way-device-headphone-5-300x300.jpg 300w, https:\/\/gmddetectors-syria.com\/wp-content\/uploads\/2021\/08\/golden-way-device-headphone-5-150x150.jpg 150w, https:\/\/gmddetectors-syria.com\/wp-content\/uploads\/2021\/08\/golden-way-device-headphone-5-100x100.jpg 100w, https:\/\/gmddetectors-syria.com\/wp-content\/uploads\/2021\/08\/golden-way-device-headphone-5.jpg 360w\" sizes=\"auto, (max-width: 300px) 100vw, 300px\" \/>\n\t\t\t\t\t\t\t\t\t\t\t\t\t\t\t<\/a>\n\t\t\t\t\t\t\t\t\t\t\t\t<\/div>\n\t\t\t\t\t\t\t\t\t\t\t<div class=\"wd-gallery-item wd-col\">\n\t\t\t\t\t\t\t\t\t\t\t\t\t\t<a href=\"https:\/\/gmddetectors-syria.com\/wp-content\/uploads\/2021\/08\/golden-way-device-main-unit-5.jpg\" data-elementor-open-lightbox=\"no\" data-index=\"6\" data-width=\"360\" data-height=\"360\" \n\t\t\t\t\t\t\t\t\t\t\t\t >\n\t\t\t\t\t\t\t\t\n\t\t\t\t\t\t\t\t<img loading=\"lazy\" decoding=\"async\" width=\"300\" height=\"300\" src=\"https:\/\/gmddetectors-syria.com\/wp-content\/uploads\/2021\/08\/golden-way-device-main-unit-5-300x300.jpg\" class=\"wd-gallery-image image-6\" alt=\"\" srcset=\"https:\/\/gmddetectors-syria.com\/wp-content\/uploads\/2021\/08\/golden-way-device-main-unit-5-300x300.jpg 300w, https:\/\/gmddetectors-syria.com\/wp-content\/uploads\/2021\/08\/golden-way-device-main-unit-5-150x150.jpg 150w, https:\/\/gmddetectors-syria.com\/wp-content\/uploads\/2021\/08\/golden-way-device-main-unit-5-100x100.jpg 100w, https:\/\/gmddetectors-syria.com\/wp-content\/uploads\/2021\/08\/golden-way-device-main-unit-5.jpg 360w\" sizes=\"auto, (max-width: 300px) 100vw, 300px\" \/>\n\t\t\t\t\t\t\t\t\t\t\t\t\t\t\t<\/a>\n\t\t\t\t\t\t\t\t\t\t\t\t<\/div>\n\t\t\t\t\t\t\t\t\t\t\t<div class=\"wd-gallery-item wd-col\">\n\t\t\t\t\t\t\t\t\t\t\t\t\t\t<a href=\"https:\/\/gmddetectors-syria.com\/wp-content\/uploads\/2021\/08\/golden-way-device-multi-shovel-5.jpg\" data-elementor-open-lightbox=\"no\" data-index=\"7\" data-width=\"360\" data-height=\"360\" \n\t\t\t\t\t\t\t\t\t\t\t\t >\n\t\t\t\t\t\t\t\t\n\t\t\t\t\t\t\t\t<img loading=\"lazy\" decoding=\"async\" width=\"300\" height=\"300\" src=\"https:\/\/gmddetectors-syria.com\/wp-content\/uploads\/2021\/08\/golden-way-device-multi-shovel-5-300x300.jpg\" class=\"wd-gallery-image image-7\" alt=\"\" srcset=\"https:\/\/gmddetectors-syria.com\/wp-content\/uploads\/2021\/08\/golden-way-device-multi-shovel-5-300x300.jpg 300w, https:\/\/gmddetectors-syria.com\/wp-content\/uploads\/2021\/08\/golden-way-device-multi-shovel-5-150x150.jpg 150w, https:\/\/gmddetectors-syria.com\/wp-content\/uploads\/2021\/08\/golden-way-device-multi-shovel-5-100x100.jpg 100w, https:\/\/gmddetectors-syria.com\/wp-content\/uploads\/2021\/08\/golden-way-device-multi-shovel-5.jpg 360w\" sizes=\"auto, (max-width: 300px) 100vw, 300px\" \/>\n\t\t\t\t\t\t\t\t\t\t\t\t\t\t\t<\/a>\n\t\t\t\t\t\t\t\t\t\t\t\t<\/div>\n\t\t\t\t\t\t\t\t\t\t\t<div class=\"wd-gallery-item wd-col\">\n\t\t\t\t\t\t\t\t\t\t\t\t\t\t<a href=\"https:\/\/gmddetectors-syria.com\/wp-content\/uploads\/2021\/08\/golden-way-device-plastic-secure-5.jpg\" data-elementor-open-lightbox=\"no\" data-index=\"8\" data-width=\"360\" data-height=\"360\" \n\t\t\t\t\t\t\t\t\t\t\t\t >\n\t\t\t\t\t\t\t\t\n\t\t\t\t\t\t\t\t<img loading=\"lazy\" decoding=\"async\" width=\"300\" height=\"300\" src=\"https:\/\/gmddetectors-syria.com\/wp-content\/uploads\/2021\/08\/golden-way-device-plastic-secure-5-300x300.jpg\" class=\"wd-gallery-image image-8\" alt=\"\" srcset=\"https:\/\/gmddetectors-syria.com\/wp-content\/uploads\/2021\/08\/golden-way-device-plastic-secure-5-300x300.jpg 300w, https:\/\/gmddetectors-syria.com\/wp-content\/uploads\/2021\/08\/golden-way-device-plastic-secure-5-150x150.jpg 150w, https:\/\/gmddetectors-syria.com\/wp-content\/uploads\/2021\/08\/golden-way-device-plastic-secure-5-100x100.jpg 100w, https:\/\/gmddetectors-syria.com\/wp-content\/uploads\/2021\/08\/golden-way-device-plastic-secure-5.jpg 360w\" sizes=\"auto, (max-width: 300px) 100vw, 300px\" \/>\n\t\t\t\t\t\t\t\t\t\t\t\t\t\t\t<\/a>\n\t\t\t\t\t\t\t\t\t\t\t\t<\/div>\n\t\t\t\t\t\t\t\t\t\t\t<div class=\"wd-gallery-item wd-col\">\n\t\t\t\t\t\t\t\t\t\t\t\t\t\t<a href=\"https:\/\/gmddetectors-syria.com\/wp-content\/uploads\/2021\/08\/golden-way-device-search-coil-15-5.jpg\" data-elementor-open-lightbox=\"no\" data-index=\"9\" data-width=\"360\" data-height=\"360\" \n\t\t\t\t\t\t\t\t\t\t\t\t >\n\t\t\t\t\t\t\t\t\n\t\t\t\t\t\t\t\t<img loading=\"lazy\" decoding=\"async\" width=\"300\" height=\"300\" src=\"https:\/\/gmddetectors-syria.com\/wp-content\/uploads\/2021\/08\/golden-way-device-search-coil-15-5-300x300.jpg\" class=\"wd-gallery-image image-9\" alt=\"\" srcset=\"https:\/\/gmddetectors-syria.com\/wp-content\/uploads\/2021\/08\/golden-way-device-search-coil-15-5-300x300.jpg 300w, https:\/\/gmddetectors-syria.com\/wp-content\/uploads\/2021\/08\/golden-way-device-search-coil-15-5-150x150.jpg 150w, https:\/\/gmddetectors-syria.com\/wp-content\/uploads\/2021\/08\/golden-way-device-search-coil-15-5-100x100.jpg 100w, https:\/\/gmddetectors-syria.com\/wp-content\/uploads\/2021\/08\/golden-way-device-search-coil-15-5.jpg 360w\" sizes=\"auto, (max-width: 300px) 100vw, 300px\" \/>\n\t\t\t\t\t\t\t\t\t\t\t\t\t\t\t<\/a>\n\t\t\t\t\t\t\t\t\t\t\t\t<\/div>\n\t\t\t\t\t\t\t\t\t\t\t<div class=\"wd-gallery-item wd-col\">\n\t\t\t\t\t\t\t\t\t\t\t\t\t\t<a href=\"https:\/\/gmddetectors-syria.com\/wp-content\/uploads\/2021\/08\/golden-way-device-search-coil-30-5.jpg\" data-elementor-open-lightbox=\"no\" data-index=\"10\" data-width=\"360\" data-height=\"360\" \n\t\t\t\t\t\t\t\t\t\t\t\t >\n\t\t\t\t\t\t\t\t\n\t\t\t\t\t\t\t\t<img loading=\"lazy\" decoding=\"async\" width=\"300\" height=\"300\" src=\"https:\/\/gmddetectors-syria.com\/wp-content\/uploads\/2021\/08\/golden-way-device-search-coil-30-5-300x300.jpg\" class=\"wd-gallery-image image-10\" alt=\"\" srcset=\"https:\/\/gmddetectors-syria.com\/wp-content\/uploads\/2021\/08\/golden-way-device-search-coil-30-5-300x300.jpg 300w, https:\/\/gmddetectors-syria.com\/wp-content\/uploads\/2021\/08\/golden-way-device-search-coil-30-5-150x150.jpg 150w, https:\/\/gmddetectors-syria.com\/wp-content\/uploads\/2021\/08\/golden-way-device-search-coil-30-5-100x100.jpg 100w, https:\/\/gmddetectors-syria.com\/wp-content\/uploads\/2021\/08\/golden-way-device-search-coil-30-5.jpg 360w\" sizes=\"auto, (max-width: 300px) 100vw, 300px\" \/>\n\t\t\t\t\t\t\t\t\t\t\t\t\t\t\t<\/a>\n\t\t\t\t\t\t\t\t\t\t\t\t<\/div>\n\t\t\t\t\t\t\t\t\t\t\t<div class=\"wd-gallery-item wd-col\">\n\t\t\t\t\t\t\t\t\t\t\t\t\t\t<a href=\"https:\/\/gmddetectors-syria.com\/wp-content\/uploads\/2021\/08\/golden-way-device-support-arm-5.jpg\" data-elementor-open-lightbox=\"no\" data-index=\"11\" data-width=\"360\" data-height=\"360\" \n\t\t\t\t\t\t\t\t\t\t\t\t >\n\t\t\t\t\t\t\t\t\n\t\t\t\t\t\t\t\t<img loading=\"lazy\" decoding=\"async\" width=\"300\" height=\"300\" src=\"https:\/\/gmddetectors-syria.com\/wp-content\/uploads\/2021\/08\/golden-way-device-support-arm-5-300x300.jpg\" class=\"wd-gallery-image image-11\" alt=\"\" srcset=\"https:\/\/gmddetectors-syria.com\/wp-content\/uploads\/2021\/08\/golden-way-device-support-arm-5-300x300.jpg 300w, https:\/\/gmddetectors-syria.com\/wp-content\/uploads\/2021\/08\/golden-way-device-support-arm-5-150x150.jpg 150w, https:\/\/gmddetectors-syria.com\/wp-content\/uploads\/2021\/08\/golden-way-device-support-arm-5-100x100.jpg 100w, https:\/\/gmddetectors-syria.com\/wp-content\/uploads\/2021\/08\/golden-way-device-support-arm-5.jpg 360w\" sizes=\"auto, (max-width: 300px) 100vw, 300px\" \/>\n\t\t\t\t\t\t\t\t\t\t\t\t\t\t\t<\/a>\n\t\t\t\t\t\t\t\t\t\t\t\t<\/div>\n\t\t\t\t\t\t\t\t\t\t\t<div class=\"wd-gallery-item wd-col\">\n\t\t\t\t\t\t\t\t\t\t\t\t\t\t<a href=\"https:\/\/gmddetectors-syria.com\/wp-content\/uploads\/2024\/05\/gerdetect-warranty.webp\" data-elementor-open-lightbox=\"no\" data-index=\"12\" data-width=\"400\" data-height=\"400\" \n\t\t\t\t\t\t\t\t\t\t\t\t >\n\t\t\t\t\t\t\t\t\n\t\t\t\t\t\t\t\t<img loading=\"lazy\" decoding=\"async\" width=\"300\" height=\"300\" src=\"https:\/\/gmddetectors-syria.com\/wp-content\/uploads\/2024\/05\/gerdetect-warranty-300x300.webp\" class=\"wd-gallery-image image-12\" alt=\"gerdetect-warranty\" srcset=\"https:\/\/gmddetectors-syria.com\/wp-content\/uploads\/2024\/05\/gerdetect-warranty-300x300.webp 300w, https:\/\/gmddetectors-syria.com\/wp-content\/uploads\/2024\/05\/gerdetect-warranty-150x150.webp 150w, https:\/\/gmddetectors-syria.com\/wp-content\/uploads\/2024\/05\/gerdetect-warranty.webp 400w\" sizes=\"auto, (max-width: 300px) 100vw, 300px\" \/>\n\t\t\t\t\t\t\t\t\t\t\t\t\t\t\t<\/a>\n\t\t\t\t\t\t\t\t\t\t\t\t<\/div>\n\t\t\t\t\t\t\t\t\t\n\t\t\t\t\t\t\t<\/div>\n\n\t\t\t\t\t<\/div>\n\t\t[\/vc_tta_section][\/vc_tta_tabs][\/vc_column][\/vc_row]<\/p>\n<\/div>","protected":false},"excerpt":{"rendered":"<p>Un syst\u00e8me automatique avanc\u00e9 (VLF)<\/p>\n<p>L&rsquo;appareil Golden Way int\u00e8gre un syst\u00e8me automatique avanc\u00e9 (VLF) avec une grande pr\u00e9cision dans l&rsquo;identification des m\u00e9taux et une profondeur de 3 m\u00e8tres sous terre.<br \/>\nLe meilleur appareil pour d\u00e9tecter l&rsquo;or et les m\u00e9taux pr\u00e9cieux : multi-usage et de haute performance dans toutes les conditions climatiques et tous les types de sols.<br \/>\nGolden Way Detector est l&rsquo;une des meilleures innovations allemandes ayant la certification europ\u00e9enne C\u03f5 selon les normes internationales de fabrication<\/p>\n","protected":false},"featured_media":11082,"template":"","meta":{"_acf_changed":false},"product_brand":[],"product_cat":[739,743,765],"product_tag":[],"class_list":{"0":"post-10036","1":"product","2":"type-product","3":"status-publish","4":"has-post-thumbnail","6":"product_cat-detecteurs-dor","7":"product_cat-detecteurs-de-metaux","8":"product_cat-ger-detect-fr","10":"first","11":"instock","12":"sale","13":"shipping-taxable","14":"purchasable","15":"product-type-simple"},"acf":[],"_links":{"self":[{"href":"https:\/\/gmddetectors-syria.com\/fr\/wp-json\/wp\/v2\/product\/10036","targetHints":{"allow":["GET"]}}],"collection":[{"href":"https:\/\/gmddetectors-syria.com\/fr\/wp-json\/wp\/v2\/product"}],"about":[{"href":"https:\/\/gmddetectors-syria.com\/fr\/wp-json\/wp\/v2\/types\/product"}],"wp:featuredmedia":[{"embeddable":true,"href":"https:\/\/gmddetectors-syria.com\/fr\/wp-json\/wp\/v2\/media\/11082"}],"wp:attachment":[{"href":"https:\/\/gmddetectors-syria.com\/fr\/wp-json\/wp\/v2\/media?parent=10036"}],"wp:term":[{"taxonomy":"product_brand","embeddable":true,"href":"https:\/\/gmddetectors-syria.com\/fr\/wp-json\/wp\/v2\/product_brand?post=10036"},{"taxonomy":"product_cat","embeddable":true,"href":"https:\/\/gmddetectors-syria.com\/fr\/wp-json\/wp\/v2\/product_cat?post=10036"},{"taxonomy":"product_tag","embeddable":true,"href":"https:\/\/gmddetectors-syria.com\/fr\/wp-json\/wp\/v2\/product_tag?post=10036"}],"curies":[{"name":"wp","href":"https:\/\/api.w.org\/{rel}","templated":true}]}}