{"id":9984,"date":"2021-08-29T09:41:30","date_gmt":"2021-08-29T06:41:30","guid":{"rendered":"https:\/\/gmd-detectors.com\/?post_type=product&#038;p=9984"},"modified":"2025-02-05T18:55:00","modified_gmt":"2025-02-05T15:55:00","slug":"easy-way-smart-detector","status":"publish","type":"product","link":"https:\/\/gmddetectors-syria.com\/fr\/product\/easy-way-smart-detector\/","title":{"rendered":"EASY WAY SMART DETECTOR"},"content":{"rendered":"<div class=\"wpb-content-wrapper\"><p>[vc_row full_width=\u00a0\u00bbstretch_row\u00a0\u00bb mobile_bg_img_hidden=\u00a0\u00bbno\u00a0\u00bb tablet_bg_img_hidden=\u00a0\u00bbno\u00a0\u00bb woodmart_parallax=\u00a0\u00bb0&Prime; woodmart_gradient_switch=\u00a0\u00bbno\u00a0\u00bb row_reverse_mobile=\u00a0\u00bb0&Prime; row_reverse_tablet=\u00a0\u00bb0&Prime; woodmart_disable_overflow=\u00a0\u00bb0&Prime; css=\u00a0\u00bb.vc_custom_1610451467938{border-bottom-width: 1px !important;padding-bottom: 40px !important;border-bottom-color: #e6e6e6 !important;border-bottom-style: solid !important;}\u00a0\u00bb][vc_column][vc_raw_html]JTNDZGl2JTIwY2xhc3MlM0QlMjJ2aWRlby1yZXNwb25zaXZlJTIyJTNFJTNDaWZyYW1lJTIwc3JjJTNEJTIyaHR0cHMlM0ElMkYlMkZ3d3cueW91dHViZS5jb20lMkZlbWJlZCUyRmFqUnBmLXhCNVA0JTNGcmVsJTNEMCUyMiUyMHdpZHRoJTNEJTIyMTAwJTI1JTIyJTIwaGVpZ2h0JTNEJTIyMzgwJTIyJTIwZnJhbWVib3JkZXIlM0QlMjIwJTIyJTIwYWxsb3dmdWxsc2NyZWVuJTNEJTIyYWxsb3dmdWxsc2NyZWVuJTIyJTNFJTNDJTJGaWZyYW1lJTNFJTNDJTJGZGl2JTNF[\/vc_raw_html][vc_column_text text_larger=\u00a0\u00bbno\u00a0\u00bb]Apr\u00e8s l&rsquo;\u00e9norme succ\u00e8s obtenu par GER Detect en coop\u00e9ration avec les d\u00e9tecteurs UIG sur l&rsquo;appareil EASY WAY PLUS, GER Detect a compl\u00e8tement mis \u00e0 niveau cet appareil pour aider les prospecteurs \u00e0 raccourcir le temps et la distance pour trouver la cible.<br \/>\nLa seule et unique technologie au monde qui int\u00e8gre deux syst\u00e8mes dans un seul appareil.<br \/>\nSp\u00e9cialis\u00e9 dans la prospection et la recherche d&rsquo;or, de m\u00e9taux pr\u00e9cieux, de s\u00e9pultures, de grottes, et caves souterraines, avec autant de confidentialit\u00e9 et facilit\u00e9.<br \/>\nLe plus petit appareil avec un syst\u00e8me de d\u00e9tection radar et un syst\u00e8me d&rsquo;imagerie 3D, l\u2019appareil peut \u00eatre compl\u00e8tement cache.<\/p>\n<p>[\/vc_column_text][\/vc_column][\/vc_row][vc_row full_width=\u00a0\u00bbstretch_row\u00a0\u00bb mobile_bg_img_hidden=\u00a0\u00bbno\u00a0\u00bb tablet_bg_img_hidden=\u00a0\u00bbno\u00a0\u00bb woodmart_parallax=\u00a0\u00bb0&Prime; woodmart_gradient_switch=\u00a0\u00bbno\u00a0\u00bb row_reverse_mobile=\u00a0\u00bb0&Prime; row_reverse_tablet=\u00a0\u00bb0&Prime; woodmart_disable_overflow=\u00a0\u00bb0&Prime; css=\u00a0\u00bb.vc_custom_1610451892311{margin-bottom: -80px !important;padding-top: 40px !important;padding-bottom: 40px !important;background-color: #f7f7f7 !important;}\u00a0\u00bb][vc_column][vc_tta_tabs style=\u00a0\u00bbmodern\u00a0\u00bb alignment=\u00a0\u00bbcenter\u00a0\u00bb active_section=\u00a0\u00bb1&Prime;][vc_tta_section title=\u00a0\u00bbCaract\u00e9ristiques\u00a0\u00bb tab_id=\u00a0\u00bb1598441911523-c89c9e8e-bac040f2-9266&Prime;][vc_column_text text_larger=\u00a0\u00bbno\u00a0\u00bb]Apr\u00e8s l&rsquo;\u00e9norme succ\u00e8s obtenu par GER Detect en coop\u00e9ration avec les d\u00e9tecteurs UIG sur l&rsquo;appareil EASY WAY PLUS, GER Detect a compl\u00e8tement mis \u00e0 niveau cet appareil pour aider les prospecteurs \u00e0 raccourcir le temps et la distance pour trouver la cible.<br \/>\nLa seule et unique technologie au monde qui int\u00e8gre deux syst\u00e8mes dans un seul appareil.<br \/>\nSp\u00e9cialis\u00e9 dans la prospection et la recherche d&rsquo;or, de m\u00e9taux pr\u00e9cieux, de s\u00e9pultures, de grottes, et caves souterraines, avec autant de confidentialit\u00e9 et facilit\u00e9.<br \/>\nLe plus petit appareil avec un syst\u00e8me de d\u00e9tection radar et un syst\u00e8me d&rsquo;imagerie 3D, l\u2019appareil peut \u00eatre compl\u00e8tement cache.<\/p>\n<p>[\/vc_column_text][\/vc_tta_section][vc_tta_section title=\u00a0\u00bbSyst\u00e8mes\u00a0\u00bb tab_id=\u00a0\u00bb1598442086500-76e5a306-5ebf40f2-9266&Prime;][vc_toggle title=\u00a0\u00bbSyst\u00e8me Longue Port\u00e9e:\u00a0\u00bb open=\u00a0\u00bbtrue\u00a0\u00bb]GER Detect a invent\u00e9 le premier appareil du genre au monde avec un syst\u00e8me de capteur radar \u00e0 poign\u00e9e unique.<br \/>\nAdh\u00e9rence efficace avec un syst\u00e8me radar caract\u00e9ris\u00e9 par l\u2019analyse des ondes radar qui identifient et mesurent les caract\u00e9ristiques d\u2019une cible.<br \/>\nEn d&rsquo;autres termes, il s&rsquo;agit d&rsquo;un radar bi-fr\u00e9quence de haute pr\u00e9cision et d&rsquo;un \u00e9metteur-r\u00e9cepteur des signaux provenant de cibles.<br \/>\nUn syst\u00e8me radar avec une int\u00e9gration d&rsquo;algorithme sp\u00e9ciale et sophistiqu\u00e9e pour d\u00e9tecter l&#8217;emplacement de la cible, une forte capacit\u00e9 \u00e0 d\u00e9tecter et mesurer les petites cibles dans le sol.<br \/>\nLa port\u00e9e avant dans le syst\u00e8me longue port\u00e9e peut atteindre jusqu&rsquo;\u00e0 2000 m\u00e8tres carr\u00e9s, ce qui est \u00e9quivaut \u00e0 500 m\u00e8tres dans chaque direction Il peut \u00e9galement atteindre une profondeur de 18 m\u00e8tres dans le sol.<\/p>\n<p>[\/vc_toggle][vc_toggle title=\u00a0\u00bbSyst\u00e8me d&rsquo;imagerie 3D\u00a0\u00bb]Ce syst\u00e8me est con\u00e7u pour \u00e9viter les erreurs caus\u00e9es par le prospecteur lors d&rsquo;utilisation du syst\u00e8me longue port\u00e9e et pour confirmer l&rsquo;existence de la cible.<br \/>\nApr\u00e8s avoir identifi\u00e9 la cible avec le syst\u00e8me radar, vous pouvez effectuer un balayage de la cible d\u00e9tect\u00e9e avec le syst\u00e8me d&rsquo;imagerie 3D.<br \/>\nL&rsquo;appareil EASY WAY SMART pr\u00e9sente plusieurs caract\u00e9ristiques:<br \/>\nCe syst\u00e8me est support\u00e9 par une application Android qui fonctionne en plusieurs langues, \u00e0 choisir : (Allemand &#8211; Anglais &#8211; Fran\u00e7ais &#8211; Italien &#8211; Espagnol &#8211; Arabe &#8211; Portugais &#8211; Russe).<br \/>\n\u00c9talonnage automatique avec le sol.<br \/>\nFonction de balayage automatique du sol.<br \/>\nIl atteint une profondeur de 18 m\u00e8tres sous terre.<br \/>\n[\/vc_toggle][\/vc_tta_section][vc_tta_section title=\u00a0\u00bbSpecifications\u00a0\u00bb tab_id=\u00a0\u00bb1598442096952-72789241-2ba340f2-9266&Prime;][vc_column_text text_larger=\u00a0\u00bbno\u00a0\u00bb]<\/p>\n<table class=\"table table-striped table-bordered\">\n<thead class=\"thead-dark\">\n<tr>\n<th scope=\"col\">Nom de la sp\u00e9cification technique<\/th>\n<th scope=\"col\">Valeur de sp\u00e9cification technique<\/th>\n<\/tr>\n<\/thead>\n<tbody id=\"technicalContainer\">\n<tr>\n<td>Sortie audio<\/td>\n<td>buzzer pi\u00e9zo-\u00e9lectrique \u00d8: 12mm &#8211; H: niveau de pression acoustique de 9.8mm 85db \u00e0 la fr\u00e9quence 12v \/ 10cm 4.5 \u00b1 0.5 KHz<\/td>\n<\/tr>\n<tr>\n<td>Longueur<\/td>\n<td>Appareil (unit\u00e9 principale): 145,5 mm<\/td>\n<\/tr>\n<tr>\n<td>Vitesse de traitement des donn\u00e9es<\/td>\n<td>12 MHz<\/td>\n<\/tr>\n<tr>\n<td>Plage de temp\u00e9ratures de fonctionnement<\/td>\n<td>0 C \u00b0 \u00e0 70 C \u00b0C \u00e0 70 \u00b0 C<\/td>\n<\/tr>\n<tr>\n<td>Plage d&rsquo;humidit\u00e9 de fonctionnement<\/td>\n<td>jusqu&rsquo;\u00e0 95% sans condensation<\/td>\n<\/tr>\n<tr>\n<td>Plage de temp\u00e9rature de stockage<\/td>\n<td>&#8211; 20 \u00b0<\/td>\n<\/tr>\n<tr>\n<td>Plage d&rsquo;humidit\u00e9 de stockage<\/td>\n<td>jusqu&rsquo;\u00e0 98% d&rsquo;humidit\u00e9 relative<\/td>\n<\/tr>\n<tr>\n<td>Dur\u00e9e de fonctionnement (batterie de 7,56 Wh)<\/td>\n<td>10 heures<\/td>\n<\/tr>\n<tr>\n<td>Imperm\u00e9abilit\u00e9 &#8211; D\u00e9tecteur<\/td>\n<td>non \u00e9tanche (r\u00e9sistant aux intemp\u00e9ries uniquement )<\/td>\n<\/tr>\n<tr>\n<td>Bluetooth<\/td>\n<td>HC-06 Module &#8211; radio 2,4 GHz<\/td>\n<\/tr>\n<\/tbody>\n<thead class=\"thead-dark\">\n<tr>\n<th colspan=\"2\">Li-ion Sp\u00e9cifications techniques batterie<\/th>\n<\/tr>\n<\/thead>\n<tbody>\n<tr>\n<td>type<\/td>\n<td>Li-ion rechargeable &#8211; batterie interne<\/td>\n<\/tr>\n<tr>\n<td>tension sortie<\/td>\n<td>Li-ion 3,6 V CC<\/td>\n<\/tr>\n<tr>\n<td>Capacit\u00e9<\/td>\n<td>Li-ion 7,56 Wh<\/td>\n<\/tr>\n<tr>\n<td>Dur\u00e9e<\/td>\n<td>10 heures<\/td>\n<\/tr>\n<tr>\n<td>batterie Temp\u00e9rature fonctionnement<\/td>\n<td>0 C \u00b0 \u00e0 60 C \u00b0<\/td>\n<\/tr>\n<tr>\n<td>Temp\u00e9rature de stockage de la batterie<\/td>\n<td>&#8211; 2C \u00b0 \u00e0 70C \u00b0<\/td>\n<\/tr>\n<\/tbody>\n<thead class=\"thead-dark\">\n<tr>\n<th colspan=\"2\">Sp\u00e9cifications techniques du chargeur de batterie Li-ion \u00e9lectrique !!!<\/th>\n<\/tr>\n<\/thead>\n<tbody>\n<tr>\n<td>Temp\u00e9rature de fonctionnement<\/td>\n<td>0 C \u00b0 \u00e0 50 C \u00b0<\/td>\n<\/tr>\n<tr>\n<td>Temp\u00e9rature de stockage<\/td>\n<td>&#8211; 30C \u00b0 \u00e0 80C \u00b0<\/td>\n<\/tr>\n<tr>\n<td>Tension d&rsquo;entr\u00e9e<\/td>\n<td>90 \u2192 250 VAC 50 \u2192 60 Hz<\/td>\n<\/tr>\n<tr>\n<td>Courant de sortie USB<\/td>\n<td>5 VDC \/ 2000 mA<\/td>\n<\/tr>\n<\/tbody>\n<thead class=\"thead-dark\">\n<tr>\n<th colspan=\"2\">Chargeur de batterie Li-ion pour voiture techniques Sp\u00e9cifications!!!<\/th>\n<\/tr>\n<\/thead>\n<tbody>\n<tr>\n<td>Tension d&rsquo;entr\u00e9e<\/td>\n<td>11 \u2192 15 VDC<\/td>\n<\/tr>\n<tr>\n<td>Courant de sortie USB<\/td>\n<td>5 VDC \/ 2100 mA caract\u00e9ristiques<\/td>\n<\/tr>\n<\/tbody>\n<thead class=\"thead-dark\">\n<tr>\n<th colspan=\"2\">Autres Techniques<\/th>\n<\/tr>\n<\/thead>\n<tbody>\n<tr>\n<td>poids total<\/td>\n<td>3550 g<\/td>\n<\/tr>\n<tr>\n<td>Poids de l&rsquo;appareil<\/td>\n<td>230 g<\/td>\n<\/tr>\n<tr>\n<td>Poids de la batterie<\/td>\n<td>65 g<\/td>\n<\/tr>\n<tr>\n<td>Poids du sac (vide)<\/td>\n<td>2135 g<\/td>\n<\/tr>\n<tr>\n<td>Dimensions du sac<\/td>\n<td>460 mm x 175 mm x 342 mm<\/td>\n<\/tr>\n<\/tbody>\n<\/table>\n<p>[\/vc_column_text][\/vc_tta_section][vc_tta_section title=\u00a0\u00bbAccessoires\u00a0\u00bb tab_id=\u00a0\u00bb1598442097652-d383f913-39bd40f2-9266&Prime;]\t\t<div id=\"gallery_966\" class=\"wd-images-gallery wd-wpb wd-rs-67a388e8ba4b9 photoswipe-images\" style=\"--wd-justify-content:center;--wd-align-items:center;\">\n\t\t\t\n\t\t\t<div class=\" wd-grid-g\" style=\"--wd-col-lg:3;--wd-col-md:3;--wd-col-sm:1;--wd-gap-lg:2px;\">\n\t\t\t\t\n\t\t\t\t\t\t\t\t\t\t\t\t\t\t\t<div class=\"wd-gallery-item wd-col\">\n\t\t\t\t\t\t\t\t\t\t\t\t\t\t<a href=\"https:\/\/gmddetectors-syria.com\/wp-content\/uploads\/2021\/08\/android-tablet-for-easy-way-smart-dual-system-device-5.jpg\" data-elementor-open-lightbox=\"no\" data-index=\"1\" data-width=\"360\" data-height=\"360\" \n\t\t\t\t\t\t\t\t\t\t\t\t >\n\t\t\t\t\t\t\t\t\n\t\t\t\t\t\t\t\t<img loading=\"lazy\" decoding=\"async\" width=\"300\" height=\"300\" src=\"https:\/\/gmddetectors-syria.com\/wp-content\/uploads\/2021\/08\/android-tablet-for-easy-way-smart-dual-system-device-5-300x300.jpg\" class=\"wd-gallery-image image-1\" alt=\"\" srcset=\"https:\/\/gmddetectors-syria.com\/wp-content\/uploads\/2021\/08\/android-tablet-for-easy-way-smart-dual-system-device-5-300x300.jpg 300w, https:\/\/gmddetectors-syria.com\/wp-content\/uploads\/2021\/08\/android-tablet-for-easy-way-smart-dual-system-device-5-150x150.jpg 150w, https:\/\/gmddetectors-syria.com\/wp-content\/uploads\/2021\/08\/android-tablet-for-easy-way-smart-dual-system-device-5-100x100.jpg 100w, https:\/\/gmddetectors-syria.com\/wp-content\/uploads\/2021\/08\/android-tablet-for-easy-way-smart-dual-system-device-5.jpg 360w\" sizes=\"auto, (max-width: 300px) 100vw, 300px\" \/>\n\t\t\t\t\t\t\t\t\t\t\t\t\t\t\t<\/a>\n\t\t\t\t\t\t\t\t\t\t\t\t<\/div>\n\t\t\t\t\t\t\t\t\t\t\t<div class=\"wd-gallery-item wd-col\">\n\t\t\t\t\t\t\t\t\t\t\t\t\t\t<a href=\"https:\/\/gmddetectors-syria.com\/wp-content\/uploads\/2021\/08\/car-charger-for-easy-way-smart-dual-system-device-5.jpg\" data-elementor-open-lightbox=\"no\" data-index=\"2\" data-width=\"360\" data-height=\"360\" \n\t\t\t\t\t\t\t\t\t\t\t\t >\n\t\t\t\t\t\t\t\t\n\t\t\t\t\t\t\t\t<img loading=\"lazy\" decoding=\"async\" width=\"300\" height=\"300\" src=\"https:\/\/gmddetectors-syria.com\/wp-content\/uploads\/2021\/08\/car-charger-for-easy-way-smart-dual-system-device-5-300x300.jpg\" class=\"wd-gallery-image image-2\" alt=\"\" srcset=\"https:\/\/gmddetectors-syria.com\/wp-content\/uploads\/2021\/08\/car-charger-for-easy-way-smart-dual-system-device-5-300x300.jpg 300w, https:\/\/gmddetectors-syria.com\/wp-content\/uploads\/2021\/08\/car-charger-for-easy-way-smart-dual-system-device-5-150x150.jpg 150w, https:\/\/gmddetectors-syria.com\/wp-content\/uploads\/2021\/08\/car-charger-for-easy-way-smart-dual-system-device-5-100x100.jpg 100w, https:\/\/gmddetectors-syria.com\/wp-content\/uploads\/2021\/08\/car-charger-for-easy-way-smart-dual-system-device-5.jpg 360w\" sizes=\"auto, (max-width: 300px) 100vw, 300px\" \/>\n\t\t\t\t\t\t\t\t\t\t\t\t\t\t\t<\/a>\n\t\t\t\t\t\t\t\t\t\t\t\t<\/div>\n\t\t\t\t\t\t\t\t\t\t\t<div class=\"wd-gallery-item wd-col\">\n\t\t\t\t\t\t\t\t\t\t\t\t\t\t<a href=\"https:\/\/gmddetectors-syria.com\/wp-content\/uploads\/2021\/08\/case-for-easy-way-smart-dual-system-device-5.jpg\" data-elementor-open-lightbox=\"no\" data-index=\"3\" data-width=\"360\" data-height=\"360\" \n\t\t\t\t\t\t\t\t\t\t\t\t >\n\t\t\t\t\t\t\t\t\n\t\t\t\t\t\t\t\t<img loading=\"lazy\" decoding=\"async\" width=\"300\" height=\"300\" src=\"https:\/\/gmddetectors-syria.com\/wp-content\/uploads\/2021\/08\/case-for-easy-way-smart-dual-system-device-5-300x300.jpg\" class=\"wd-gallery-image image-3\" alt=\"\" srcset=\"https:\/\/gmddetectors-syria.com\/wp-content\/uploads\/2021\/08\/case-for-easy-way-smart-dual-system-device-5-300x300.jpg 300w, https:\/\/gmddetectors-syria.com\/wp-content\/uploads\/2021\/08\/case-for-easy-way-smart-dual-system-device-5-150x150.jpg 150w, https:\/\/gmddetectors-syria.com\/wp-content\/uploads\/2021\/08\/case-for-easy-way-smart-dual-system-device-5-100x100.jpg 100w, https:\/\/gmddetectors-syria.com\/wp-content\/uploads\/2021\/08\/case-for-easy-way-smart-dual-system-device-5.jpg 360w\" sizes=\"auto, (max-width: 300px) 100vw, 300px\" \/>\n\t\t\t\t\t\t\t\t\t\t\t\t\t\t\t<\/a>\n\t\t\t\t\t\t\t\t\t\t\t\t<\/div>\n\t\t\t\t\t\t\t\t\t\t\t<div class=\"wd-gallery-item wd-col\">\n\t\t\t\t\t\t\t\t\t\t\t\t\t\t<a href=\"https:\/\/gmddetectors-syria.com\/wp-content\/uploads\/2021\/08\/charger-for-easy-way-smart-dual-system-device-5.jpg\" data-elementor-open-lightbox=\"no\" data-index=\"4\" data-width=\"360\" data-height=\"360\" \n\t\t\t\t\t\t\t\t\t\t\t\t >\n\t\t\t\t\t\t\t\t\n\t\t\t\t\t\t\t\t<img loading=\"lazy\" decoding=\"async\" width=\"300\" height=\"300\" src=\"https:\/\/gmddetectors-syria.com\/wp-content\/uploads\/2021\/08\/charger-for-easy-way-smart-dual-system-device-5-300x300.jpg\" class=\"wd-gallery-image image-4\" alt=\"\" srcset=\"https:\/\/gmddetectors-syria.com\/wp-content\/uploads\/2021\/08\/charger-for-easy-way-smart-dual-system-device-5-300x300.jpg 300w, https:\/\/gmddetectors-syria.com\/wp-content\/uploads\/2021\/08\/charger-for-easy-way-smart-dual-system-device-5-150x150.jpg 150w, https:\/\/gmddetectors-syria.com\/wp-content\/uploads\/2021\/08\/charger-for-easy-way-smart-dual-system-device-5-100x100.jpg 100w, https:\/\/gmddetectors-syria.com\/wp-content\/uploads\/2021\/08\/charger-for-easy-way-smart-dual-system-device-5.jpg 360w\" sizes=\"auto, (max-width: 300px) 100vw, 300px\" \/>\n\t\t\t\t\t\t\t\t\t\t\t\t\t\t\t<\/a>\n\t\t\t\t\t\t\t\t\t\t\t\t<\/div>\n\t\t\t\t\t\t\t\t\t\t\t<div class=\"wd-gallery-item wd-col\">\n\t\t\t\t\t\t\t\t\t\t\t\t\t\t<a href=\"https:\/\/gmddetectors-syria.com\/wp-content\/uploads\/2021\/08\/main-unit-for-easy-way-smart-dual-system-device-5.jpg\" data-elementor-open-lightbox=\"no\" data-index=\"5\" data-width=\"360\" data-height=\"360\" \n\t\t\t\t\t\t\t\t\t\t\t\t >\n\t\t\t\t\t\t\t\t\n\t\t\t\t\t\t\t\t<img loading=\"lazy\" decoding=\"async\" width=\"300\" height=\"300\" src=\"https:\/\/gmddetectors-syria.com\/wp-content\/uploads\/2021\/08\/main-unit-for-easy-way-smart-dual-system-device-5-300x300.jpg\" class=\"wd-gallery-image image-5\" alt=\"\" srcset=\"https:\/\/gmddetectors-syria.com\/wp-content\/uploads\/2021\/08\/main-unit-for-easy-way-smart-dual-system-device-5-300x300.jpg 300w, https:\/\/gmddetectors-syria.com\/wp-content\/uploads\/2021\/08\/main-unit-for-easy-way-smart-dual-system-device-5-150x150.jpg 150w, https:\/\/gmddetectors-syria.com\/wp-content\/uploads\/2021\/08\/main-unit-for-easy-way-smart-dual-system-device-5-100x100.jpg 100w, https:\/\/gmddetectors-syria.com\/wp-content\/uploads\/2021\/08\/main-unit-for-easy-way-smart-dual-system-device-5.jpg 360w\" sizes=\"auto, (max-width: 300px) 100vw, 300px\" \/>\n\t\t\t\t\t\t\t\t\t\t\t\t\t\t\t<\/a>\n\t\t\t\t\t\t\t\t\t\t\t\t<\/div>\n\t\t\t\t\t\t\t\t\t\t\t<div class=\"wd-gallery-item wd-col\">\n\t\t\t\t\t\t\t\t\t\t\t\t\t\t<a href=\"https:\/\/gmddetectors-syria.com\/wp-content\/uploads\/2021\/08\/radar-system-grip-for-easy-way-smart-dual-system-device-5.jpg\" data-elementor-open-lightbox=\"no\" data-index=\"6\" data-width=\"360\" data-height=\"360\" \n\t\t\t\t\t\t\t\t\t\t\t\t >\n\t\t\t\t\t\t\t\t\n\t\t\t\t\t\t\t\t<img loading=\"lazy\" decoding=\"async\" width=\"300\" height=\"300\" src=\"https:\/\/gmddetectors-syria.com\/wp-content\/uploads\/2021\/08\/radar-system-grip-for-easy-way-smart-dual-system-device-5-300x300.jpg\" class=\"wd-gallery-image image-6\" alt=\"\" srcset=\"https:\/\/gmddetectors-syria.com\/wp-content\/uploads\/2021\/08\/radar-system-grip-for-easy-way-smart-dual-system-device-5-300x300.jpg 300w, https:\/\/gmddetectors-syria.com\/wp-content\/uploads\/2021\/08\/radar-system-grip-for-easy-way-smart-dual-system-device-5-150x150.jpg 150w, https:\/\/gmddetectors-syria.com\/wp-content\/uploads\/2021\/08\/radar-system-grip-for-easy-way-smart-dual-system-device-5-100x100.jpg 100w, https:\/\/gmddetectors-syria.com\/wp-content\/uploads\/2021\/08\/radar-system-grip-for-easy-way-smart-dual-system-device-5.jpg 360w\" sizes=\"auto, (max-width: 300px) 100vw, 300px\" \/>\n\t\t\t\t\t\t\t\t\t\t\t\t\t\t\t<\/a>\n\t\t\t\t\t\t\t\t\t\t\t\t<\/div>\n\t\t\t\t\t\t\t\t\t\t\t<div class=\"wd-gallery-item wd-col\">\n\t\t\t\t\t\t\t\t\t\t\t\t\t\t<a href=\"https:\/\/gmddetectors-syria.com\/wp-content\/uploads\/2021\/08\/signal-transmission-cablefor-for-easy-way-smart-dual-system-device-5.jpg\" data-elementor-open-lightbox=\"no\" data-index=\"7\" data-width=\"360\" data-height=\"360\" \n\t\t\t\t\t\t\t\t\t\t\t\t >\n\t\t\t\t\t\t\t\t\n\t\t\t\t\t\t\t\t<img loading=\"lazy\" decoding=\"async\" width=\"300\" height=\"300\" src=\"https:\/\/gmddetectors-syria.com\/wp-content\/uploads\/2021\/08\/signal-transmission-cablefor-for-easy-way-smart-dual-system-device-5-300x300.jpg\" class=\"wd-gallery-image image-7\" alt=\"\" srcset=\"https:\/\/gmddetectors-syria.com\/wp-content\/uploads\/2021\/08\/signal-transmission-cablefor-for-easy-way-smart-dual-system-device-5-300x300.jpg 300w, https:\/\/gmddetectors-syria.com\/wp-content\/uploads\/2021\/08\/signal-transmission-cablefor-for-easy-way-smart-dual-system-device-5-150x150.jpg 150w, https:\/\/gmddetectors-syria.com\/wp-content\/uploads\/2021\/08\/signal-transmission-cablefor-for-easy-way-smart-dual-system-device-5-100x100.jpg 100w, https:\/\/gmddetectors-syria.com\/wp-content\/uploads\/2021\/08\/signal-transmission-cablefor-for-easy-way-smart-dual-system-device-5.jpg 360w\" sizes=\"auto, (max-width: 300px) 100vw, 300px\" \/>\n\t\t\t\t\t\t\t\t\t\t\t\t\t\t\t<\/a>\n\t\t\t\t\t\t\t\t\t\t\t\t<\/div>\n\t\t\t\t\t\t\t\t\t\t\t<div class=\"wd-gallery-item wd-col\">\n\t\t\t\t\t\t\t\t\t\t\t\t\t\t<a href=\"https:\/\/gmddetectors-syria.com\/wp-content\/uploads\/2021\/08\/sock-for-easy-way-smart-dual-system-device-5.jpg\" data-elementor-open-lightbox=\"no\" data-index=\"8\" data-width=\"360\" data-height=\"360\" \n\t\t\t\t\t\t\t\t\t\t\t\t >\n\t\t\t\t\t\t\t\t\n\t\t\t\t\t\t\t\t<img loading=\"lazy\" decoding=\"async\" width=\"300\" height=\"300\" src=\"https:\/\/gmddetectors-syria.com\/wp-content\/uploads\/2021\/08\/sock-for-easy-way-smart-dual-system-device-5-300x300.jpg\" class=\"wd-gallery-image image-8\" alt=\"\" srcset=\"https:\/\/gmddetectors-syria.com\/wp-content\/uploads\/2021\/08\/sock-for-easy-way-smart-dual-system-device-5-300x300.jpg 300w, https:\/\/gmddetectors-syria.com\/wp-content\/uploads\/2021\/08\/sock-for-easy-way-smart-dual-system-device-5-150x150.jpg 150w, https:\/\/gmddetectors-syria.com\/wp-content\/uploads\/2021\/08\/sock-for-easy-way-smart-dual-system-device-5-100x100.jpg 100w, https:\/\/gmddetectors-syria.com\/wp-content\/uploads\/2021\/08\/sock-for-easy-way-smart-dual-system-device-5.jpg 360w\" sizes=\"auto, (max-width: 300px) 100vw, 300px\" \/>\n\t\t\t\t\t\t\t\t\t\t\t\t\t\t\t<\/a>\n\t\t\t\t\t\t\t\t\t\t\t\t<\/div>\n\t\t\t\t\t\t\t\t\t\t\t<div class=\"wd-gallery-item wd-col\">\n\t\t\t\t\t\t\t\t\t\t\t\t\t\t<a href=\"https:\/\/gmddetectors-syria.com\/wp-content\/uploads\/2021\/08\/transmitter-and-receiver-antenna-for-easy-way-smart-dual-system-device-5.jpg\" data-elementor-open-lightbox=\"no\" data-index=\"9\" data-width=\"360\" data-height=\"360\" \n\t\t\t\t\t\t\t\t\t\t\t\t >\n\t\t\t\t\t\t\t\t\n\t\t\t\t\t\t\t\t<img loading=\"lazy\" decoding=\"async\" width=\"300\" height=\"300\" src=\"https:\/\/gmddetectors-syria.com\/wp-content\/uploads\/2021\/08\/transmitter-and-receiver-antenna-for-easy-way-smart-dual-system-device-5-300x300.jpg\" class=\"wd-gallery-image image-9\" alt=\"\" srcset=\"https:\/\/gmddetectors-syria.com\/wp-content\/uploads\/2021\/08\/transmitter-and-receiver-antenna-for-easy-way-smart-dual-system-device-5-300x300.jpg 300w, https:\/\/gmddetectors-syria.com\/wp-content\/uploads\/2021\/08\/transmitter-and-receiver-antenna-for-easy-way-smart-dual-system-device-5-150x150.jpg 150w, https:\/\/gmddetectors-syria.com\/wp-content\/uploads\/2021\/08\/transmitter-and-receiver-antenna-for-easy-way-smart-dual-system-device-5-100x100.jpg 100w, https:\/\/gmddetectors-syria.com\/wp-content\/uploads\/2021\/08\/transmitter-and-receiver-antenna-for-easy-way-smart-dual-system-device-5.jpg 360w\" sizes=\"auto, (max-width: 300px) 100vw, 300px\" \/>\n\t\t\t\t\t\t\t\t\t\t\t\t\t\t\t<\/a>\n\t\t\t\t\t\t\t\t\t\t\t\t<\/div>\n\t\t\t\t\t\t\t\t\t\t\t<div class=\"wd-gallery-item wd-col\">\n\t\t\t\t\t\t\t\t\t\t\t\t\t\t<a href=\"https:\/\/gmddetectors-syria.com\/wp-content\/uploads\/2024\/05\/gerdetect-warranty.webp\" data-elementor-open-lightbox=\"no\" data-index=\"10\" data-width=\"400\" data-height=\"400\" \n\t\t\t\t\t\t\t\t\t\t\t\t >\n\t\t\t\t\t\t\t\t\n\t\t\t\t\t\t\t\t<img loading=\"lazy\" decoding=\"async\" width=\"300\" height=\"300\" src=\"https:\/\/gmddetectors-syria.com\/wp-content\/uploads\/2024\/05\/gerdetect-warranty-300x300.webp\" class=\"wd-gallery-image image-10\" alt=\"gerdetect-warranty\" srcset=\"https:\/\/gmddetectors-syria.com\/wp-content\/uploads\/2024\/05\/gerdetect-warranty-300x300.webp 300w, https:\/\/gmddetectors-syria.com\/wp-content\/uploads\/2024\/05\/gerdetect-warranty-150x150.webp 150w, https:\/\/gmddetectors-syria.com\/wp-content\/uploads\/2024\/05\/gerdetect-warranty.webp 400w\" sizes=\"auto, (max-width: 300px) 100vw, 300px\" \/>\n\t\t\t\t\t\t\t\t\t\t\t\t\t\t\t<\/a>\n\t\t\t\t\t\t\t\t\t\t\t\t<\/div>\n\t\t\t\t\t\t\t\t\t\n\t\t\t\t\t\t\t<\/div>\n\n\t\t\t\t\t<\/div>\n\t\t[\/vc_tta_section][\/vc_tta_tabs][\/vc_column][\/vc_row]<\/p>\n<\/div>","protected":false},"excerpt":{"rendered":"<p>Le plus petit appareil avec un syst\u00e8me de d\u00e9tection radar et un syst\u00e8me d&rsquo;imagerie 3D.<\/p>\n<p>Sp\u00e9cialis\u00e9 dans la d\u00e9tection souterraine d&rsquo;or, de tr\u00e9sors, d&rsquo;antiquit\u00e9s anciennes, de vides, de grottes et de tombes.<br \/>\nLa technologie unique en son genre qui rassemble deux syst\u00e8mes en un seul appareil, de plus l&rsquo;appareil est compl\u00e8tement dissimulable.<br \/>\nLa port\u00e9e avant de l&rsquo;appareil est de 2000 m\u00e8tres carr\u00e9s et la profondeur est de 18 m\u00e8tres sous terre.<br \/>\nAppareil EASY WAY SMART DUAL SYSTEM est l&rsquo;une des meilleures innovations allemandes avec la certification europ\u00e9enne CE selon les sp\u00e9cifications internationales.<\/p>\n","protected":false},"featured_media":13419,"template":"","meta":{"_acf_changed":false},"product_brand":[],"product_cat":[739,743,765],"product_tag":[],"class_list":{"0":"post-9984","1":"product","2":"type-product","3":"status-publish","4":"has-post-thumbnail","6":"product_cat-detecteurs-dor","7":"product_cat-detecteurs-de-metaux","8":"product_cat-ger-detect-fr","10":"first","11":"instock","12":"shipping-taxable","13":"purchasable","14":"product-type-simple"},"acf":[],"_links":{"self":[{"href":"https:\/\/gmddetectors-syria.com\/fr\/wp-json\/wp\/v2\/product\/9984","targetHints":{"allow":["GET"]}}],"collection":[{"href":"https:\/\/gmddetectors-syria.com\/fr\/wp-json\/wp\/v2\/product"}],"about":[{"href":"https:\/\/gmddetectors-syria.com\/fr\/wp-json\/wp\/v2\/types\/product"}],"wp:featuredmedia":[{"embeddable":true,"href":"https:\/\/gmddetectors-syria.com\/fr\/wp-json\/wp\/v2\/media\/13419"}],"wp:attachment":[{"href":"https:\/\/gmddetectors-syria.com\/fr\/wp-json\/wp\/v2\/media?parent=9984"}],"wp:term":[{"taxonomy":"product_brand","embeddable":true,"href":"https:\/\/gmddetectors-syria.com\/fr\/wp-json\/wp\/v2\/product_brand?post=9984"},{"taxonomy":"product_cat","embeddable":true,"href":"https:\/\/gmddetectors-syria.com\/fr\/wp-json\/wp\/v2\/product_cat?post=9984"},{"taxonomy":"product_tag","embeddable":true,"href":"https:\/\/gmddetectors-syria.com\/fr\/wp-json\/wp\/v2\/product_tag?post=9984"}],"curies":[{"name":"wp","href":"https:\/\/api.w.org\/{rel}","templated":true}]}}